{"id":39,"date":"2018-11-02T13:59:18","date_gmt":"2018-11-02T13:59:18","guid":{"rendered":"https:\/\/trenesturisticos.info\/conditions-of-use-of-the-web\/"},"modified":"2019-10-23T11:37:42","modified_gmt":"2019-10-23T11:37:42","slug":"politica-de-privacitat","status":"publish","type":"page","link":"https:\/\/trenesturisticos.info\/ca\/politica-de-privacitat\/","title":{"rendered":"Politica de Privacitat"},"content":{"rendered":"\n<style type=\"text\/css\" data-created_by=\"avia_inline_auto\" id=\"style-css-av-2nvr-1438f185d1431f3593536dd89c121a8b\">\n.flex_column.av-2nvr-1438f185d1431f3593536dd89c121a8b{\nborder-radius:0px 0px 0px 0px;\npadding:0px 0px 0px 0px;\n}\n<\/style>\n<div  class='flex_column av-2nvr-1438f185d1431f3593536dd89c121a8b av_one_full  avia-builder-el-0  el_before_av_textblock  avia-builder-el-first  first flex_column_div av-zero-column-padding  '     ><p>\n<style type=\"text\/css\" data-created_by=\"avia_inline_auto\" id=\"style-css-av-k237d8pc-9bd4d73ca1f36754553cab2e724d2a44\">\n#top .av-special-heading.av-k237d8pc-9bd4d73ca1f36754553cab2e724d2a44{\npadding-bottom:10px;\n}\nbody .av-special-heading.av-k237d8pc-9bd4d73ca1f36754553cab2e724d2a44 .av-special-heading-tag .heading-char{\nfont-size:25px;\n}\n.av-special-heading.av-k237d8pc-9bd4d73ca1f36754553cab2e724d2a44 .av-subheading{\nfont-size:15px;\n}\n<\/style>\n<div  class='av-special-heading av-k237d8pc-9bd4d73ca1f36754553cab2e724d2a44 av-special-heading-h2 blockquote modern-quote modern-centered  avia-builder-el-1  el_before_av_textblock  avia-builder-el-first '><h2 class='av-special-heading-tag '  itemprop=\"headline\"  >Pol\u00edtica de Privacitat<\/h2><div class=\"special-heading-border\"><div class=\"special-heading-inner-border\"><\/div><\/div><\/div><br \/>\n<section  class='av_textblock_section av-jo015yzj-be0c7c2f07053a362b62292d5a1692b9 '   itemscope=\"itemscope\" itemtype=\"https:\/\/schema.org\/CreativeWork\" ><div class='avia_textblock'  itemprop=\"text\" ><p><strong><u>Datos de contacto del Responsable:<\/u><\/strong><\/p>\n<p>M\u00aaCarmen Casquete, con domicilio en C\/ Ponent, 44, CP 08398 de Barcelona, con n\u00famero de CIF: 13129501-C<strong>.\u00a0\u00a0<\/strong>El correo electr\u00f3nico de atenci\u00f3n al cliente es\u00a0<a href=\"mailto:info@trenesturisticos.info\">info@trenesturisticos.info<\/a><\/p>\n<p><strong><u>Finalidad del tratamiento:<\/u><\/strong>\u00a0Gesti\u00f3n y administraci\u00f3n de cualquier solicitud realizada a trav\u00e9s de nuestra web para el sector que se detalla en nuestra web, adem\u00e1s del envi\u00f3 de promociones y ofertas en relaci\u00f3n con nuestro objeto social.<\/p>\n<p><strong><u>Legitimaci\u00f3n:\u00a0<\/u><\/strong>Por dos v\u00edas, a trav\u00e9s del consentimiento inequ\u00edvoco cuando se firman contratos o a trav\u00e9s de nuestra web, aceptando las condiciones legales.<\/p>\n<p><strong><u>Destinatarios:\u00a0<\/u><\/strong>No se destinaran datos a terceros excepto obligaciones legales o bien cesiones que sean necesarias para cumplir lo contratado.<\/p>\n<p><strong><u>Derechos:\u00a0<\/u><\/strong>Los clientes pueden ejercer el derecho de acceso, rectificaci\u00f3n, oposici\u00f3n o supresi\u00f3n en la direcci\u00f3n que consta en la informaci\u00f3n por capa (establecimiento o bien por email o bien en la direcci\u00f3n del inicio del escrito), como tambi\u00e9n a trav\u00e9s de nuestra web. Tambi\u00e9n informamos a los posibles afectados que tienen derecho a solicitar el derecho a la portabilidad de sus datos, en su caso, a la limitaci\u00f3n del tratamiento que se realice cuando la finalidad ya no exista o la oposici\u00f3n espec\u00edfica a un tratamiento espec\u00edfico.<\/p>\n<p>El interesado o afectado por el tratamiento, tienen derecho a retirar su consentimiento en cualquier momento.<\/p>\n<p>Para finalizar, el cliente o usuario afectado, tiene derecho a dirigirse a la Agencia de Protecci\u00f3n de Datos, entidad que gestiona cualquier aspecto relacionado con la aplicaci\u00f3n de la normativa de protecci\u00f3n de datos y donde el usuario puede denunciar o defender sus intereses en el caso que lo considere oportuno, la web es www.agpd.es.<\/p>\n<p><strong><u>Procedencia:<\/u><\/strong>\u00a0La procedencia es del propio interesado y su tutor o progenitores. Los datos tratados son de nivel identificativo o b\u00e1sico con car\u00e1cter general. Tambi\u00e9n podr\u00e1n ser de nivel medio o econ\u00f3mico para determinadas operaciones.<\/p>\n<p><strong><u>Conservaci\u00f3n de los datos:<\/u><\/strong>\u00a0Los datos se conservaran mientras exista un inter\u00e9s mutuo de las partes, ya sea por la vigencia del contrato o consentimiento. Por otra parte, los datos permanecer\u00e1n en el mercantil en cumplimiento de normativas obligatorias y hasta que se superen los periodos de prescripci\u00f3n.<\/p>\n<p><strong><u>Transferencias internacionales:<\/u><\/strong>\u00a0En la actualidad no se realizan.<\/p>\n<p><strong>Informaci\u00f3n Adicional: Canales de informaci\u00f3n:<\/strong><\/p>\n<p>1\u00ba.- Correo electr\u00f3nico:\u00a0<a href=\"mailto:info@trenesturisticos.info\">info@trenesturisticos.info<\/a><\/p>\n<p>2\u00ba.- Tel\u00e9fono: Llamando a nuestro tel\u00e9fono de atenci\u00f3n al p\u00fablico 659 951 832 donde le atender\u00e1 nuestro personal<\/p>\n<p>3\u00ba.- En el propio establecimiento. Calle Ponent, 44, de Santa Susanna (Barcelona).<\/p>\n<p>4\u00ba.- A trav\u00e9s de nuestros textos legales expuestos en la web, trenesturisticos.info, concretamente en los apartados, \u201cAviso legal\u201d, \u201cPol\u00edtica de Privacidad\u201d y formularios de contacto.<\/p>\n<\/div><\/section><\/p><\/div><section  class='av_textblock_section av-av_textblock-445188a952fb265869ea404d0e52fad7 '   itemscope=\"itemscope\" itemtype=\"https:\/\/schema.org\/CreativeWork\" ><div class='avia_textblock'  itemprop=\"text\" ><\/div><\/section><\/p>\n","protected":false},"excerpt":{"rendered":"","protected":false},"author":1,"featured_media":0,"parent":0,"menu_order":20,"comment_status":"closed","ping_status":"closed","template":"","meta":{"footnotes":""},"class_list":["post-39","page","type-page","status-publish","hentry"],"yoast_head":"<!-- This site is optimized with the Yoast SEO plugin v27.6 - https:\/\/yoast.com\/product\/yoast-seo-wordpress\/ -->\n<title>Politica de Privacitat - Trenes Tur\u00edsticos<\/title>\n<meta name=\"robots\" content=\"index, follow, max-snippet:-1, max-image-preview:large, max-video-preview:-1\" \/>\n<link rel=\"canonical\" href=\"https:\/\/trenesturisticos.info\/ca\/politica-de-privacitat\/\" \/>\n<meta property=\"og:locale\" content=\"ca_ES\" \/>\n<meta property=\"og:type\" content=\"article\" \/>\n<meta property=\"og:title\" content=\"Politica de Privacitat - Trenes Tur\u00edsticos\" \/>\n<meta property=\"og:url\" content=\"https:\/\/trenesturisticos.info\/ca\/politica-de-privacitat\/\" \/>\n<meta property=\"og:site_name\" content=\"Trenes Tur\u00edsticos\" \/>\n<meta property=\"article:modified_time\" content=\"2019-10-23T11:37:42+00:00\" \/>\n<meta name=\"twitter:card\" content=\"summary_large_image\" \/>\n<meta name=\"twitter:label1\" content=\"Temps estimat de lectura\" \/>\n\t<meta name=\"twitter:data1\" content=\"3 minuts\" \/>\n<script type=\"application\/ld+json\" class=\"yoast-schema-graph\">{\"@context\":\"https:\\\/\\\/schema.org\",\"@graph\":[{\"@type\":\"WebPage\",\"@id\":\"https:\\\/\\\/trenesturisticos.info\\\/ca\\\/politica-de-privacitat\\\/\",\"url\":\"https:\\\/\\\/trenesturisticos.info\\\/ca\\\/politica-de-privacitat\\\/\",\"name\":\"Politica de Privacitat - Trenes Tur\u00edsticos\",\"isPartOf\":{\"@id\":\"https:\\\/\\\/trenesturisticos.info\\\/ca\\\/#website\"},\"datePublished\":\"2018-11-02T13:59:18+00:00\",\"dateModified\":\"2019-10-23T11:37:42+00:00\",\"breadcrumb\":{\"@id\":\"https:\\\/\\\/trenesturisticos.info\\\/ca\\\/politica-de-privacitat\\\/#breadcrumb\"},\"inLanguage\":\"ca\",\"potentialAction\":[{\"@type\":\"ReadAction\",\"target\":[\"https:\\\/\\\/trenesturisticos.info\\\/ca\\\/politica-de-privacitat\\\/\"]}]},{\"@type\":\"BreadcrumbList\",\"@id\":\"https:\\\/\\\/trenesturisticos.info\\\/ca\\\/politica-de-privacitat\\\/#breadcrumb\",\"itemListElement\":[{\"@type\":\"ListItem\",\"position\":1,\"name\":\"Portada\",\"item\":\"https:\\\/\\\/trenesturisticos.info\\\/ca\\\/inici\\\/\"},{\"@type\":\"ListItem\",\"position\":2,\"name\":\"Politica de Privacitat\"}]},{\"@type\":\"WebSite\",\"@id\":\"https:\\\/\\\/trenesturisticos.info\\\/ca\\\/#website\",\"url\":\"https:\\\/\\\/trenesturisticos.info\\\/ca\\\/\",\"name\":\"Trenes Tur\u00edsticos Santa Susanna y Pineda\",\"description\":\"Trenes Tur\u00edsticos\",\"potentialAction\":[{\"@type\":\"SearchAction\",\"target\":{\"@type\":\"EntryPoint\",\"urlTemplate\":\"https:\\\/\\\/trenesturisticos.info\\\/ca\\\/?s={search_term_string}\"},\"query-input\":{\"@type\":\"PropertyValueSpecification\",\"valueRequired\":true,\"valueName\":\"search_term_string\"}}],\"inLanguage\":\"ca\"}]}<\/script>\n<!-- \/ Yoast SEO plugin. -->","yoast_head_json":{"title":"Politica de Privacitat - Trenes Tur\u00edsticos","robots":{"index":"index","follow":"follow","max-snippet":"max-snippet:-1","max-image-preview":"max-image-preview:large","max-video-preview":"max-video-preview:-1"},"canonical":"https:\/\/trenesturisticos.info\/ca\/politica-de-privacitat\/","og_locale":"ca_ES","og_type":"article","og_title":"Politica de Privacitat - Trenes Tur\u00edsticos","og_url":"https:\/\/trenesturisticos.info\/ca\/politica-de-privacitat\/","og_site_name":"Trenes Tur\u00edsticos","article_modified_time":"2019-10-23T11:37:42+00:00","twitter_card":"summary_large_image","twitter_misc":{"Temps estimat de lectura":"3 minuts"},"schema":{"@context":"https:\/\/schema.org","@graph":[{"@type":"WebPage","@id":"https:\/\/trenesturisticos.info\/ca\/politica-de-privacitat\/","url":"https:\/\/trenesturisticos.info\/ca\/politica-de-privacitat\/","name":"Politica de Privacitat - Trenes Tur\u00edsticos","isPartOf":{"@id":"https:\/\/trenesturisticos.info\/ca\/#website"},"datePublished":"2018-11-02T13:59:18+00:00","dateModified":"2019-10-23T11:37:42+00:00","breadcrumb":{"@id":"https:\/\/trenesturisticos.info\/ca\/politica-de-privacitat\/#breadcrumb"},"inLanguage":"ca","potentialAction":[{"@type":"ReadAction","target":["https:\/\/trenesturisticos.info\/ca\/politica-de-privacitat\/"]}]},{"@type":"BreadcrumbList","@id":"https:\/\/trenesturisticos.info\/ca\/politica-de-privacitat\/#breadcrumb","itemListElement":[{"@type":"ListItem","position":1,"name":"Portada","item":"https:\/\/trenesturisticos.info\/ca\/inici\/"},{"@type":"ListItem","position":2,"name":"Politica de Privacitat"}]},{"@type":"WebSite","@id":"https:\/\/trenesturisticos.info\/ca\/#website","url":"https:\/\/trenesturisticos.info\/ca\/","name":"Trenes Tur\u00edsticos Santa Susanna y Pineda","description":"Trenes Tur\u00edsticos","potentialAction":[{"@type":"SearchAction","target":{"@type":"EntryPoint","urlTemplate":"https:\/\/trenesturisticos.info\/ca\/?s={search_term_string}"},"query-input":{"@type":"PropertyValueSpecification","valueRequired":true,"valueName":"search_term_string"}}],"inLanguage":"ca"}]}},"_links":{"self":[{"href":"https:\/\/trenesturisticos.info\/ca\/wp-json\/wp\/v2\/pages\/39","targetHints":{"allow":["GET"]}}],"collection":[{"href":"https:\/\/trenesturisticos.info\/ca\/wp-json\/wp\/v2\/pages"}],"about":[{"href":"https:\/\/trenesturisticos.info\/ca\/wp-json\/wp\/v2\/types\/page"}],"author":[{"embeddable":true,"href":"https:\/\/trenesturisticos.info\/ca\/wp-json\/wp\/v2\/users\/1"}],"replies":[{"embeddable":true,"href":"https:\/\/trenesturisticos.info\/ca\/wp-json\/wp\/v2\/comments?post=39"}],"version-history":[{"count":0,"href":"https:\/\/trenesturisticos.info\/ca\/wp-json\/wp\/v2\/pages\/39\/revisions"}],"wp:attachment":[{"href":"https:\/\/trenesturisticos.info\/ca\/wp-json\/wp\/v2\/media?parent=39"}],"curies":[{"name":"wp","href":"https:\/\/api.w.org\/{rel}","templated":true}]}}