{"id":37,"date":"2018-11-02T13:58:56","date_gmt":"2018-11-02T13:58:56","guid":{"rendered":"https:\/\/trenesturisticos.info\/aviso-legal\/"},"modified":"2019-10-23T11:39:51","modified_gmt":"2019-10-23T11:39:51","slug":"avis-legal","status":"publish","type":"page","link":"https:\/\/trenesturisticos.info\/ca\/avis-legal\/","title":{"rendered":"Av\u00eds legal"},"content":{"rendered":"\n<style type=\"text\/css\" data-created_by=\"avia_inline_auto\" id=\"style-css-av-vg6q-30e2ede1174ee85e5837fb3fa8d283ec\">\n.flex_column.av-vg6q-30e2ede1174ee85e5837fb3fa8d283ec{\nborder-radius:0px 0px 0px 0px;\npadding:0px 0px 0px 0px;\n}\n<\/style>\n<div  class='flex_column av-vg6q-30e2ede1174ee85e5837fb3fa8d283ec av_one_full  avia-builder-el-0  avia-builder-el-no-sibling  first flex_column_div av-zero-column-padding  '     ><p>\n<style type=\"text\/css\" data-created_by=\"avia_inline_auto\" id=\"style-css-av-k237gv1j-8d7bcc67e9a5ffd60a241415164dff16\">\n#top .av-special-heading.av-k237gv1j-8d7bcc67e9a5ffd60a241415164dff16{\npadding-bottom:10px;\n}\nbody .av-special-heading.av-k237gv1j-8d7bcc67e9a5ffd60a241415164dff16 .av-special-heading-tag .heading-char{\nfont-size:25px;\n}\n.av-special-heading.av-k237gv1j-8d7bcc67e9a5ffd60a241415164dff16 .av-subheading{\nfont-size:15px;\n}\n<\/style>\n<div  class='av-special-heading av-k237gv1j-8d7bcc67e9a5ffd60a241415164dff16 av-special-heading-h2 blockquote modern-quote modern-centered  avia-builder-el-1  el_before_av_textblock  avia-builder-el-first '><h2 class='av-special-heading-tag '  itemprop=\"headline\"  >AV\u00cdS LEGAL I CONDICIONS D\u2019\u00daS<\/h2><div class=\"special-heading-border\"><div class=\"special-heading-inner-border\"><\/div><\/div><\/div><br \/>\n<section  class='av_textblock_section av-jo00tzzo-a91a6d500c15df802956ce22a428082b '   itemscope=\"itemscope\" itemtype=\"https:\/\/schema.org\/CreativeWork\" ><div class='avia_textblock'  itemprop=\"text\" ><p><strong>DATOS IDENTIFICATIVOS<\/strong><\/p>\n<p>En cumplimiento con el deber de informaci\u00f3n recogido en el art\u00edculo 10 de la Ley 34\/2002, de 11 de julio, de Servicios de la Sociedad de la Informaci\u00f3n y del Comercio Electr\u00f3nico, a continuaci\u00f3n se reflejan los siguientes datos:<\/p>\n<p>La empresa titular de este sitio web es Trenes Tur\u00edsticos Santa Susanna, con domicilio en C\/ Ponent, 44 de Santa Susanna en Barcelona con n\u00famero de CIF: B17959206, inscrita en el Registro Mercantil de Barcelona al tomo 44250, folio 48, hoja B450936, inscripci\u00f3n 2. Correo electr\u00f3nico de contacto\u00a0<a href=\"mailto:info@trenesturisticos.info\">info@trenesturisticos.info<\/a><\/p>\n<p>La informaci\u00f3n contenida en la web constituye un servicio de informaci\u00f3n de los diversos productos y servicios que se ofrecen. La empresa se dedica (Indicar sector) transporte tur\u00edstico.<\/p>\n<p><strong>ACEPTACI\u00d3N DE LAS CONDICIONES DE USO<\/strong><\/p>\n<p>El acceso a la Web exige la aceptaci\u00f3n de las condiciones de uso, su pol\u00edtica y aviso legal que en cada momento se encuentren vigentes en esta Web sin necesidad de previo aviso, a excepci\u00f3n de que se produzcan variaciones substanciales. El hecho de navegar o utilizar dicho soporte, unido a la marcaci\u00f3n de los check-ins en los distintos formularios, supone la aceptaci\u00f3n inequ\u00edvoca de \u00e9stas, cuando se facilitan datos de contacto.<\/p>\n<p><strong>PROPIEDAD INTELECTUAL<\/strong><\/p>\n<p>El c\u00f3digo fuente, los dise\u00f1os gr\u00e1ficos, las im\u00e1genes, las fotograf\u00edas, las animaciones, el software, los textos, as\u00ed como la informaci\u00f3n y los contenidos que se recogen est\u00e1n protegidos por la legislaci\u00f3n espa\u00f1ola sobre los derechos de propiedad intelectual e industrial, y no se permite, la reproducci\u00f3n total o parcial de esta Web, ni su tratamiento inform\u00e1tico, comunicaci\u00f3n p\u00fablica, distribuci\u00f3n, difusi\u00f3n, modificaci\u00f3n, transformaci\u00f3n o descompilaci\u00f3n, sin el permiso previo y por escrito de su titular, de conformidad con lo dispuesto en los art\u00edculos 8 y 32 p\u00e1rrafo segundo de la Ley de Propiedad Intelectual.<\/p>\n<p>El usuario, \u00fanica y exclusivamente podr\u00e1 utilizar el material que aparezca en esta Web para su uso personal y privado, quedando prohibido su utilizaci\u00f3n con fines comerciales o para incurrir en actividades il\u00edcitas. Todos los derechos derivados de la propiedad intelectual est\u00e1n expresamente reservados.<\/p>\n<p>La empresa velar\u00e1 por el cumplimiento de las anteriores condiciones y para la debida utilizaci\u00f3n de los contenidos presentados en su portal, ejercitando todas las acciones civiles y penales que le correspondan en el caso de infracci\u00f3n o incumplimiento de estos derechos por parte del usuario.<strong>\u00a0<\/strong><\/p>\n<p><strong>\u00a0<\/strong><\/p>\n<p><strong>PROTECCI\u00d3N DE DATOS DE CAR\u00c1CTER PERSONAL<\/strong><strong>\u00a0<\/strong><\/p>\n<p>El acceso a la p\u00e1gina Web o su uso no implica una recogida de datos personales del usuario. No obstante, se comunica que, en el caso de que se solicite datos personales, se recoger\u00e1 debidamente el consentimiento y se informar\u00e1 debidamente al usuario conforme a lo establecido en el art\u00edculo 13 del Reglamento Europeo 2016\/679 de 27 de abril (RGPD), de Protecci\u00f3n de Datos de Car\u00e1cter Personal. (Formularios de contacto o bien cualquier solicitud de servicios).<\/p>\n<p>Los Datos Personales que se recogen en los formularios de solicitud de informaci\u00f3n\u00a0 ser\u00e1n objeto de tratamiento mixto y se incorporaran a los correspondientes ficheros.<\/p>\n<p>La recogida y tratamiento mixto de los Datos de Car\u00e1cter Personal tiene como finalidad el mantenimiento de la relaci\u00f3n solicitada o contractual que en su caso se establezca, as\u00ed como la gesti\u00f3n, administraci\u00f3n, informaci\u00f3n, prestaci\u00f3n y mejora de los servicios que el usuario decida solicitar o contratar.<\/p>\n<p>Esta parte no asume ninguna responsabilidad por la falsedad de la informaci\u00f3n facilitada pudiendo y no renunciando, a las acciones que pudiere derivar dicha acci\u00f3n.<\/p>\n<p>El titular de la web ha tomado las medidas de \u00edndole t\u00e9cnica y organizativa necesarias para garantizar la seguridad de los datos y evitar su alteraci\u00f3n, p\u00e9rdida, tratamiento o acceso no autorizado, teniendo en cuenta el estado de la tecnolog\u00eda, la naturaleza de los datos almacenados y los riesgos a que se encuentran expuestos, ya provengan de la acci\u00f3n humana o del medio f\u00edsico o natural. Se adoptaran las medidas de \u00edndole t\u00e9cnicas y organizativas que persigan alcanzar los objetivos b\u00e1sicos en materia de seguridad, como son: la confidencialidad, entendida como la limitaci\u00f3n de acceso a la informaci\u00f3n por personas no autorizadas; la integridad, entendida como el mantenimiento de la informaci\u00f3n fiable y con calidad, y la disponibilidad, entendida como la garant\u00eda de acceso al Sistema de Informaci\u00f3n por la solicitud de un usuario autorizado.<\/p>\n<p>La corporaci\u00f3n no realiza cesiones en la actualidad con sus datos. En su caso, cualquier posible cesi\u00f3n estar\u00e1 amparada en el obligado cumplimiento de la legislaci\u00f3n o bien en su consentimiento expl\u00edcito.<\/p>\n<p>Para finalizar, se podr\u00e1 remitir email e incluirlo en la newsletter que remite con informaci\u00f3n de posibles operaciones que puedan ser de su inter\u00e9s, solicit\u00e1ndole consentimiento concreto a tal efecto.<\/p>\n<p>En la pol\u00edtica de privacidad, documento que complementa el presente, se detallan los tratamientos y finalidades de los datos que Usted nos pueda facilitar.<strong>\u00a0<\/strong><\/p>\n<p><strong>COOKIES<\/strong><\/p>\n<p>Las cookies son peque\u00f1os archivos que nuestro ordenador trasmite al suyo, pero que no nos proporciona informaci\u00f3n ni sobre su nombre, ni sobre cualquier otro dato de car\u00e1cter personal. El uso de cookies se limita \u00fanica y exclusivamente a efectos de funcionamiento, seguridad y estad\u00edsticos. Las cookies que utilizamos no pueden leer datos de su ordenador ni leer las cookies que existieran en su ordenador de otras p\u00e1ginas Web. Si quiere puede configurar su navegador para que le avise en pantalla que va ha recibir una cookie. Si el usuario decide que su ordenador no reciba \u00e9stas cookies, esto no impedir\u00e1 que se pueda acceder a la informaci\u00f3n de la p\u00e1gina.<\/p>\n<p><strong>\u00a0<\/strong><\/p>\n<p><strong>REGISTRO Y CONTRASE\u00d1AS DE ACCESO<\/strong><\/p>\n<p>Se proporciona de forma confidencial a cada uno de sus clientes un nombre de usuario y una contrase\u00f1a de acceso, la cual es \u00fanica, personal e intransferible, siendo condici\u00f3n necesaria para acceder a determinados servicios incluidos en la Web.<\/p>\n<p>El usuario se compromete a preservar la confidencialidad de su contrase\u00f1a, pudiendo solicitar su modificaci\u00f3n en caso de p\u00e9rdida, conocimiento por otras personas o cualquier otra circunstancia que impida o dificulte el normal funcionamiento de su acceso.<\/p>\n<p>El titular se reserva el derecho a anular discrecionalmente la contrase\u00f1a de acceso de alg\u00fan usuario cuando concurran circunstancias de las que se presuman utilizaciones il\u00edcitas.<\/p>\n<p>El usuario asume la plena responsabilidad y, por tanto, todas las obligaciones que se deriven del uso de los diferentes servicios y productos a los que se accede con clave de acceso o por la utilizaci\u00f3n que de ellos realicen terceras personas accediendo con la contrase\u00f1a del usuario.<\/p>\n<p><strong>LIMITACI\u00d3N DE LA RESPONSABILIDAD<\/strong><\/p>\n<p>El titular no se responsabiliza de los posibles da\u00f1os o perjuicios que puedan suceder como consecuencia del uso de los contenidos de las Web, siendo de exclusiva responsabilidad del usuario que acceda a las mismas.<\/p>\n<p>En el mismo sentido, no se responsabiliza de los posibles perjuicios que se puedan derivar del uso de una versi\u00f3n no actualizada o defectuosa del navegador, de interrupciones en la conexi\u00f3n que se produzcan durante la transmisi\u00f3n de datos, virus inform\u00e1ticos, aver\u00edas o desconexiones en el funcionamiento del sistema telem\u00e1tico, de bloqueos causados por deficiencias o sobrecargas de las l\u00edneas telef\u00f3nicas, as\u00ed como de da\u00f1os provocados por terceras personas mediante intromisiones no autorizadas.<\/p>\n<p>La Web contiene enlaces a otras p\u00e1ginas Web que pueden resultar de inter\u00e9s para los usuarios. No asume ninguna responsabilidad sobre estos enlaces, no pudi\u00e9ndose garantizar el cumplimiento de Pol\u00edticas de Privacidad adecuadas, motivo por el cual el usuario accede al contenido de las referidas p\u00e1ginas Web en las condiciones de uso que se fijen en las mismas y bajo su exclusiva responsabilidad<em>.<\/em><\/p>\n<p>El titular no se hace responsable del incumplimiento de cualquier norma aplicable en que pueda incurrir el usuario en su acceso a la Web y\/o en el uso de las informaciones contenidas en ella.<\/p>\n<p>El titular se reserva el derecho a interrumpir o denegar discrecionalmente, en cualquier momento y sin necesidad de previo aviso, el acceso de cualquier usuario a los contenidos de acceso restringido, cuando concurran alguna de les circunstancias descritas.<\/p>\n<p><strong>ENLACES<\/strong><\/p>\n<p>Todos los enlaces o links, hipertextual, profundo, framing o cualquier otro tipo de conexi\u00f3n virtual a trav\u00e9s de redes de telecomunicaci\u00f3n desde cualquier sitio Web a nuestras p\u00e1ginas Web, deber\u00e1 ser solicitado y autorizado previamente y por escrito por el titular, y en su defecto los enlaces que se establezcan a esta Web, deber\u00e1n hacerse a su p\u00e1gina de inicio.<\/p>\n<p>Los enlaces que se realicen a p\u00e1ginas Web de terceros tienen \u00fanicamente una finalidad orientativa, siendo su objeto el poner a disposici\u00f3n del usuario otras fuentes de informaci\u00f3n que pudieran ser de su inter\u00e9s.<\/p>\n<p>El titular procura revisar peri\u00f3dicamente el contenido de sus enlaces. No obstante, es imposible conocer en todo momento el contenido concreto de los enlaces propuestos. Derivado de ello, solicitamos la colaboraci\u00f3n de cualquier usuario que acceda a los referidos contenidos en el supuesto que sus contenidos pudieren ser contrarios a la legalidad vigente, moral o orden p\u00fablico, poni\u00e9ndolo en conocimiento a trav\u00e9s de los siguientes correos electr\u00f3nicos:\u00a0<a href=\"mailto:info@trenesturisticos.info\">info@trenesturisticos.info<\/a><\/p>\n<p>El titular utiliza las redes sociales para promocionar sus eventos y servicios y llegar al mayor n\u00famero de destinatarios posible, pero las condiciones de participaci\u00f3n son las establecidas por la misma red social. A mayor abundamiento, cualquier solicitud de prestaci\u00f3n de servicios, implica la aceptaci\u00f3n de las condiciones del aviso legal y pol\u00edtica de privacidad.<\/p>\n<p><strong>RESPONSABILIDAD<\/strong><\/p>\n<p>En definitiva, el usuario es el \u00fanico responsable del uso que realice de los servicios, contenidos, enlaces (links) e hipertextos incluidos en la Web.<\/p>\n<p><strong>POLITICA DE PRIVACIDAD<\/strong><\/p>\n<p>Los Datos de Car\u00e1cter Personal recabados mediante los diferentes formularios de las Web est\u00e1n sujetos a los t\u00e9rminos recogidos en nuestra Pol\u00edtica de Privacidad.<\/p>\n<p><strong>RESERVA<\/strong><\/p>\n<p>Se reserva la facultad en todo momento, sin necesidad de previo aviso, de efectuar modificaciones y actualizaciones de la informaci\u00f3n contenida en sus Web o en su configuraci\u00f3n y presentaci\u00f3n. Asimismo se reserva el derecho a suspender temporalmente, y sin que sea necesario previo aviso, la accesibilidad a las Web por razones de eventual necesidad y para efectuar operaciones de mantenimiento, reparaci\u00f3n o mejora.<\/p>\n<p>Se reserva el derecho a incluir o retirar total o parcialmente de sus Web, cualquier informaci\u00f3n a su exclusiva discreci\u00f3n.<\/p>\n<p><strong>LEY APLICABLE Y JURISDICCI\u00d3N<\/strong><\/p>\n<p>Para todas aquellas cuestiones que se puedan suscitar con motivo de interpretaci\u00f3n, ejecuci\u00f3n o eventual incumplimiento de las presentes condiciones de utilizaci\u00f3n, los usuarios, con renuncia a su propio fuero, y con independencia del lugar donde se suscite cualquier disputa, se someter\u00e1n expresamente a la competencia y jurisdicci\u00f3n de los juzgados y tribunales de Barcelona.<\/p>\n<p>Las presentes condiciones se regir\u00e1n, en todo caso, por la legislaci\u00f3n espa\u00f1ola.<\/p>\n<p><strong>\u00a9 2018 \u2013\u00a0<a href=\"http:\/\/trenesturisticos.info\/\">trenesturisticos.info<\/a><\/strong><\/p>\n<p>Todos los derechos reservados<\/p>\n<\/div><\/section><\/p><\/div>\n","protected":false},"excerpt":{"rendered":"","protected":false},"author":1,"featured_media":0,"parent":0,"menu_order":10,"comment_status":"closed","ping_status":"closed","template":"","meta":{"footnotes":""},"class_list":["post-37","page","type-page","status-publish","hentry"],"yoast_head":"<!-- This site is optimized with the Yoast SEO plugin v27.5 - https:\/\/yoast.com\/product\/yoast-seo-wordpress\/ -->\n<title>Av\u00eds legal - Trenes Tur\u00edsticos<\/title>\n<meta name=\"robots\" content=\"index, follow, max-snippet:-1, max-image-preview:large, max-video-preview:-1\" \/>\n<link rel=\"canonical\" href=\"https:\/\/trenesturisticos.info\/ca\/avis-legal\/\" \/>\n<meta property=\"og:locale\" content=\"ca_ES\" \/>\n<meta property=\"og:type\" content=\"article\" \/>\n<meta property=\"og:title\" content=\"Av\u00eds legal - Trenes Tur\u00edsticos\" \/>\n<meta property=\"og:url\" content=\"https:\/\/trenesturisticos.info\/ca\/avis-legal\/\" \/>\n<meta property=\"og:site_name\" content=\"Trenes Tur\u00edsticos\" \/>\n<meta property=\"article:modified_time\" content=\"2019-10-23T11:39:51+00:00\" \/>\n<meta name=\"twitter:card\" content=\"summary_large_image\" \/>\n<meta name=\"twitter:label1\" content=\"Temps estimat de lectura\" \/>\n\t<meta name=\"twitter:data1\" content=\"10 minuts\" \/>\n<script type=\"application\/ld+json\" class=\"yoast-schema-graph\">{\"@context\":\"https:\\\/\\\/schema.org\",\"@graph\":[{\"@type\":\"WebPage\",\"@id\":\"https:\\\/\\\/trenesturisticos.info\\\/ca\\\/avis-legal\\\/\",\"url\":\"https:\\\/\\\/trenesturisticos.info\\\/ca\\\/avis-legal\\\/\",\"name\":\"Av\u00eds legal - Trenes Tur\u00edsticos\",\"isPartOf\":{\"@id\":\"https:\\\/\\\/trenesturisticos.info\\\/ca\\\/#website\"},\"datePublished\":\"2018-11-02T13:58:56+00:00\",\"dateModified\":\"2019-10-23T11:39:51+00:00\",\"breadcrumb\":{\"@id\":\"https:\\\/\\\/trenesturisticos.info\\\/ca\\\/avis-legal\\\/#breadcrumb\"},\"inLanguage\":\"ca\",\"potentialAction\":[{\"@type\":\"ReadAction\",\"target\":[\"https:\\\/\\\/trenesturisticos.info\\\/ca\\\/avis-legal\\\/\"]}]},{\"@type\":\"BreadcrumbList\",\"@id\":\"https:\\\/\\\/trenesturisticos.info\\\/ca\\\/avis-legal\\\/#breadcrumb\",\"itemListElement\":[{\"@type\":\"ListItem\",\"position\":1,\"name\":\"Portada\",\"item\":\"https:\\\/\\\/trenesturisticos.info\\\/ca\\\/inici\\\/\"},{\"@type\":\"ListItem\",\"position\":2,\"name\":\"Av\u00eds legal\"}]},{\"@type\":\"WebSite\",\"@id\":\"https:\\\/\\\/trenesturisticos.info\\\/ca\\\/#website\",\"url\":\"https:\\\/\\\/trenesturisticos.info\\\/ca\\\/\",\"name\":\"Trenes Tur\u00edsticos Santa Susanna y Pineda\",\"description\":\"Trenes Tur\u00edsticos\",\"potentialAction\":[{\"@type\":\"SearchAction\",\"target\":{\"@type\":\"EntryPoint\",\"urlTemplate\":\"https:\\\/\\\/trenesturisticos.info\\\/ca\\\/?s={search_term_string}\"},\"query-input\":{\"@type\":\"PropertyValueSpecification\",\"valueRequired\":true,\"valueName\":\"search_term_string\"}}],\"inLanguage\":\"ca\"}]}<\/script>\n<!-- \/ Yoast SEO plugin. -->","yoast_head_json":{"title":"Av\u00eds legal - Trenes Tur\u00edsticos","robots":{"index":"index","follow":"follow","max-snippet":"max-snippet:-1","max-image-preview":"max-image-preview:large","max-video-preview":"max-video-preview:-1"},"canonical":"https:\/\/trenesturisticos.info\/ca\/avis-legal\/","og_locale":"ca_ES","og_type":"article","og_title":"Av\u00eds legal - Trenes Tur\u00edsticos","og_url":"https:\/\/trenesturisticos.info\/ca\/avis-legal\/","og_site_name":"Trenes Tur\u00edsticos","article_modified_time":"2019-10-23T11:39:51+00:00","twitter_card":"summary_large_image","twitter_misc":{"Temps estimat de lectura":"10 minuts"},"schema":{"@context":"https:\/\/schema.org","@graph":[{"@type":"WebPage","@id":"https:\/\/trenesturisticos.info\/ca\/avis-legal\/","url":"https:\/\/trenesturisticos.info\/ca\/avis-legal\/","name":"Av\u00eds legal - Trenes Tur\u00edsticos","isPartOf":{"@id":"https:\/\/trenesturisticos.info\/ca\/#website"},"datePublished":"2018-11-02T13:58:56+00:00","dateModified":"2019-10-23T11:39:51+00:00","breadcrumb":{"@id":"https:\/\/trenesturisticos.info\/ca\/avis-legal\/#breadcrumb"},"inLanguage":"ca","potentialAction":[{"@type":"ReadAction","target":["https:\/\/trenesturisticos.info\/ca\/avis-legal\/"]}]},{"@type":"BreadcrumbList","@id":"https:\/\/trenesturisticos.info\/ca\/avis-legal\/#breadcrumb","itemListElement":[{"@type":"ListItem","position":1,"name":"Portada","item":"https:\/\/trenesturisticos.info\/ca\/inici\/"},{"@type":"ListItem","position":2,"name":"Av\u00eds legal"}]},{"@type":"WebSite","@id":"https:\/\/trenesturisticos.info\/ca\/#website","url":"https:\/\/trenesturisticos.info\/ca\/","name":"Trenes Tur\u00edsticos Santa Susanna y Pineda","description":"Trenes Tur\u00edsticos","potentialAction":[{"@type":"SearchAction","target":{"@type":"EntryPoint","urlTemplate":"https:\/\/trenesturisticos.info\/ca\/?s={search_term_string}"},"query-input":{"@type":"PropertyValueSpecification","valueRequired":true,"valueName":"search_term_string"}}],"inLanguage":"ca"}]}},"_links":{"self":[{"href":"https:\/\/trenesturisticos.info\/ca\/wp-json\/wp\/v2\/pages\/37","targetHints":{"allow":["GET"]}}],"collection":[{"href":"https:\/\/trenesturisticos.info\/ca\/wp-json\/wp\/v2\/pages"}],"about":[{"href":"https:\/\/trenesturisticos.info\/ca\/wp-json\/wp\/v2\/types\/page"}],"author":[{"embeddable":true,"href":"https:\/\/trenesturisticos.info\/ca\/wp-json\/wp\/v2\/users\/1"}],"replies":[{"embeddable":true,"href":"https:\/\/trenesturisticos.info\/ca\/wp-json\/wp\/v2\/comments?post=37"}],"version-history":[{"count":0,"href":"https:\/\/trenesturisticos.info\/ca\/wp-json\/wp\/v2\/pages\/37\/revisions"}],"wp:attachment":[{"href":"https:\/\/trenesturisticos.info\/ca\/wp-json\/wp\/v2\/media?parent=37"}],"curies":[{"name":"wp","href":"https:\/\/api.w.org\/{rel}","templated":true}]}}